{"id":5074,"date":"2019-02-08T11:56:35","date_gmt":"2019-02-08T10:56:35","guid":{"rendered":"https:\/\/www.coachingverband.it\/informativa-sulla-privacy\/"},"modified":"2024-02-22T11:39:40","modified_gmt":"2024-02-22T10:39:40","slug":"privacy","status":"publish","type":"page","link":"https:\/\/www.coachingverband.it\/it\/privacy\/","title":{"rendered":"Privacy"},"content":{"rendered":"<div class=\"wpb-content-wrapper\"><p>[vc_row][vc_column][vc_column_text]<\/p>\n\n\n<h2 class=\"wp-block-heading\">Informativa sulla privacy<\/h2>\n<p><br \/><strong>Lettera informativa ai sensi del Decreto Legislativo 30 giugno 2003 &#8220;Codice in materia di protezione dei dati personali&#8221;<\/strong><\/p>\n<p>\u00a0 Ai sensi dell&#8217;articolo 13 del decreto legislativo 30 giugno 2003, n. 196, INFORMIAMO che l&#8217;Associazione Professionale dei Coach d&#8217;Azienda e di Management tratta dati personali di clienti e fornitori e di soggetti che ci comunicano volontariamente (telefonicamente o via fax o via e-mail) i loro dati anagrafici.<\/p>\n<p>La nostra organizzazione garantisce ai sensi di legge che il trattamento dei dati personali avviene nel rispetto dei diritti fondamentali nonch\u00e9 della dignit\u00e0 dell&#8217;interessato, con particolare riferimento alla riservatezza, all&#8217;identit\u00e0 personale e al diritto alla protezione dei dati personali.<\/p>\n<p><strong>Obiettivi e finalit\u00e0 del trattamento dei dati:<\/strong><\/p>\n\n\n<ul class=\"wp-block-list\">\n<li style=\"list-style-type: none;\">\n<ul>\n<li>Adempimento di obblighi di legge, obblighi derivanti da regolamenti, norme comunitarie e leggi civili e fiscali<\/li>\n<\/ul>\n<\/li>\n<\/ul>\n<p>&nbsp;<\/p>\n<ul>\n<li style=\"list-style-type: none;\">\n<ul>\n<li>adempimento di eventuali obblighi contrattuali nei confronti dell&#8217;interessato<\/li>\n<\/ul>\n<\/li>\n<\/ul>\n<p>&nbsp;<\/p>\n<ul>\n<li style=\"list-style-type: none;\">\n<ul>\n<li>Adempimento di attivit\u00e0 connesse alle attivit\u00e0 commerciali della nostra associazione, come la compilazione di statistiche interne, la contabilit\u00e0 e la gestione della contabilit\u00e0 clienti\/fornitori<\/li>\n<\/ul>\n<\/li>\n<\/ul>\n<p>&nbsp;<\/p>\n<ul>\n<li style=\"list-style-type: none;\">\n<ul>\n<li>Obiettivi commerciali come l&#8217;invio di informazioni commerciali e materiale pubblicitario (per posta, fax ed e-mail), marketing e ricerche di mercato<br \/>Protezione dei crediti e gestione delle passivit\u00e0.<\/li>\n<\/ul>\n<\/li>\n<\/ul>\n<p>&nbsp;<\/p>\n<br \/>I vostri dati personali saranno trasmessi secondo le necessit\u00e0 in relazione agli obiettivi sopra indicati:<br \/>\n\n<ul class=\"wp-block-list\">\n<li style=\"list-style-type: none;\">\n<ul>\n<li>alle pubbliche amministrazioni e alle autorit\u00e0, se ci\u00f2 \u00e8 previsto dalla legge<\/li>\n<\/ul>\n<\/li>\n<\/ul>\n<p>&nbsp;<\/p>\n<ul>\n<li style=\"list-style-type: none;\">\n<ul>\n<li>agli istituti di credito con cui la nostra societ\u00e0 intrattiene rapporti d&#8217;affari per la gestione dei crediti\/passivit\u00e0 e per l&#8217;erogazione di finanziamenti<\/li>\n<\/ul>\n<\/li>\n<\/ul>\n<p>&nbsp;<\/p>\n<ul>\n<li style=\"list-style-type: none;\">\n<ul>\n<li>a tutte quelle persone fisiche e\/o giuridiche, pubbliche e\/o private (uffici di consulenza legale, amministrativa e fiscale, tribunali, camere di commercio, ecc.) qualora l&#8217;invio risulti necessario o opportuno per lo svolgimento della nostra attivit\u00e0 e con le modalit\u00e0 e le finalit\u00e0 sopra indicate.<\/li>\n<\/ul>\n<\/li>\n<\/ul>\n<p>&nbsp;<\/p>\n<p><br \/><strong>Distribuzione <\/strong><br><br> I dati personali trattati dalla nostra organizzazione non sono soggetti a diffusione.<\/p>\n<p><strong>Implementazione dell&#8217;elaborazione dei dati <\/strong><\/p>\n<p>Il trattamento potr\u00e0 essere effettuato con o senza l&#8217;ausilio di mezzi elettronici e comunque automatizzati e comprender\u00e0 tutte le operazioni previste dall&#8217;art. 4, comma 1, lettera a) del D.Lgs. 30 giugno 2003, n. 196 e necessarie al trattamento in questione. In ogni caso, il trattamento dei dati avviene nel rispetto di tutte le misure di sicurezza che ne garantiscono la sicurezza e la riservatezza.<\/p>\n<p><strong>Diritti dell&#8217;interessato<\/strong><\/p>\n<p>La legge sulla protezione dei dati personali conferisce all&#8217;interessato la possibilit\u00e0 di esercitare determinati diritti ai sensi dell&#8217;art. 7. In particolare, l&#8217;interessato ha il diritto di conoscere quali sono i suoi dati personali in possesso del titolare e di ottenere informazioni sull&#8217;esistenza o meno di dati che lo riguardano, anche se non ancora memorizzati, e di ottenere informazioni pi\u00f9 dettagliate su tali dati, sulla loro origine e sulla ragione e lo scopo del loro trattamento in forma comprensibile, nonch\u00e9 informazioni sul titolare e sul responsabile del trattamento e sui soggetti e sulle categorie di soggetti ai quali tali dati possono essere trasmessi. L&#8217;interessato ha il diritto di confermare e verificare i propri dati, di correggerli e integrarli, di chiederne la cancellazione, il blocco e la trasformazione in forma anonima se il trattamento viola le disposizioni di legge. Ha il diritto di opporsi, in tutto o in parte, per motivi legittimi, al trattamento dei suoi dati, nonch\u00e9 di chiederne la cancellazione, il blocco, la trasformazione in forma anonima e, senza motivo legittimo, il loro utilizzo a fini di informazione commerciale, invio di materiale pubblicitario, vendita diretta, ricerche di mercato e di opinione. I diritti in oggetto possono essere fatti valere dall&#8217;interessato o da un suo incaricato mediante richiesta rivolta al responsabile del trattamento (Walter Eisendle, Via Giotto 25, I-39100 Bolzano) con lettera raccomandata o e-mail al seguente indirizzo: <a href=\"mailto:+39%20346%206513001\">w.eisendle@coachingverband.it<\/a>.<\/p>\n<p><strong>Il titolare del trattamento \u00e8: <\/strong><\/p>\n<p>Associazione Professionale dei Coach d&#8217;Impresa e di Management, con sede a I-39100 Bolzano, Via Giotto 25, nella persona del legale rappresentante Walter Eisendle. L&#8217;Associazione Professionale dei Coach d&#8217;Azienda e di Management si riserva il diritto di apportare modifiche o integrazioni alla presente lettera informativa in qualsiasi momento, in particolare in caso di modifica della legge o di nuove normative in materia.<br \/><\/p>\n\n<h2 class=\"wp-block-heading\">Cookies<\/h2>\n<p><br \/><strong>1a premessa<\/strong><br \/>Questo sito web utilizza i cookie.<br \/>Questo documento fornisce informazioni sull&#8217;uso e la gestione dei cookie. Descrive inoltre le modalit\u00e0 di disattivazione dei cookie.<br \/>Utilizzando questo sito web, l&#8217;utente acconsente all&#8217;uso dei cookie come descritto in questo documento. <strong><br>2. informazioni sui cookie<\/strong><br \/>I cookie sono file di testo che vengono memorizzati sul vostro computer quando visitate un sito web. Se si torna a visitare lo stesso sito web, questi cookie verranno nuovamente inviati al sito web.<br \/>La normativa italiana distingue tra le seguenti due tipologie di cookie <a href=\"http:\/\/bit.ly\/1xc6RXz\">(http:\/\/bit.ly\/1xc6RXz):<\/a><br \/>a) I &#8220;cookie tecnici&#8221; sono utilizzati, tra l&#8217;altro, per l&#8217;autenticazione informatica, la registrazione delle sessioni e la memorizzazione delle informazioni sul sito web (senza l&#8217;uso dei cookie tecnici, alcune operazioni sul sito web non sarebbero possibili).<br \/>b) I &#8220;cookie di profilazione&#8221;, invece, permettono di identificare i profili degli utenti e sono utilizzati per inserire pubblicit\u00e0 personalizzata.<br \/>I cookie possono anche essere suddivisi in &#8220;persistenti&#8221; e &#8220;di sessione&#8221;. Si possono distinguere i cookies. I cookie di sessione vengono automaticamente rimossi dal computer non appena si chiude il browser. I cookie &#8220;persistenti&#8221; rimangono memorizzati sul computer dell&#8217;utente e vengono rimossi solo quando hanno raggiunto la data di scadenza o vengono cancellati manualmente.<br \/>Alcuni cookie utilizzati sul sito web provengono da fornitori terzi.<\/p>\n<p><strong>3. cookie utilizzati sul sito web<\/strong><\/p>\n<p><strong>3.1. Cookie tecnici<\/strong><br \/>Il sito web utilizza cookie tecnici per garantire la funzionalit\u00e0. Il cookie ASP.NET Session ID consente di identificare una sessione utente attraverso una numerazione casuale. Il cookie viene cancellato alla chiusura del browser. Questo cookie \u00e8 essenziale per il funzionamento del sito web.<\/p>\n<p><strong>3.2. Cookie di fornitori terzi<\/strong><\/p>\n<p><strong>Google Analytics<\/strong><br \/>Questo sito web utilizza Google Analytics. Questo \u00e8 un servizio fornito da Google Inc. (&#8220;Google&#8221;). Google utilizza dei cookie che consentono di analizzare il vostro utilizzo del sito web. Le informazioni generate dal cookie sull&#8217;utilizzo del sito web da parte dell&#8217;utente (compreso il suo indirizzo IP) verranno trasmesse e memorizzate da Google su un server negli Stati Uniti.<br \/>Tuttavia, se l&#8217;anonimizzazione dell&#8217;IP \u00e8 attivata su questo sito web, il vostro indirizzo IP verr\u00e0 prima troncato da Google all&#8217;interno degli Stati membri dell&#8217;Unione Europea o in altri Stati firmatari dell&#8217;Accordo sullo Spazio Economico Europeo. Solo in casi eccezionali l&#8217;indirizzo IP completo viene trasmesso a un server di Google negli Stati Uniti e l\u00ec troncato. L&#8217;anonimizzazione dell&#8217;IP \u00e8 attiva su questo sito web.<br \/>Google utilizzer\u00e0 queste informazioni per valutare l&#8217;utilizzo del sito web da parte dell&#8217;utente, per redigere rapporti sulle attivit\u00e0 del sito web per gli operatori del sito e per fornire altri servizi relativi alle attivit\u00e0 del sito web e all&#8217;utilizzo di Internet. Google pu\u00f2 anche trasferire queste informazioni a terzi, se ci\u00f2 \u00e8 richiesto dalla legge o se tali terzi elaborano le informazioni per conto di Google. Google non assocer\u00e0 il vostro indirizzo IP a nessun altro dato.<br \/>Per sapere quali cookie utilizza Google Analytics, cliccare sul seguente link: <a href=\"https:\/\/developers.google.com\/analytics\/devguides\/collection\/analyticsjs\/cookie-usage\">https:\/\/developers.google.com\/analytics\/devguides\/collection\/analyticsjs\/cookie-usage<\/a><br \/>L&#8217;utente pu\u00f2 rifiutare l&#8217;uso dei cookie selezionando l&#8217;impostazione appropriata sul proprio browser, ma si prega di notare che in tal caso potrebbe non essere in grado di utilizzare tutte le funzionalit\u00e0 di questo sito web. Potete inoltre impedire a Google di raccogliere i dati generati dal cookie e relativi al vostro utilizzo del sito web (compreso il vostro indirizzo IP) e di elaborarli da parte di Google scaricando e installando il plug-in del browser disponibile al seguente link: <a href=\"http:\/\/tools.google.com\/dlpage\/gaoptout?hl=de\">http:\/\/tools.google.com\/dlpage\/gaoptout?hl=de.<\/a> Per ulteriori informazioni sull&#8217;opt-out, visitare la pagina di opt-out per la pubblicit\u00e0 di Google (<a href=\"http:\/\/www.google.com\/policies\/technologies\/ads\/\">http:\/\/www.google.com\/policies\/technologies\/ads\/<\/a>) o la pagina di opt-out per le iniziative pubblicitarie di rete (<a href=\"http:\/\/www.networkadvertising.org\/choices\/\">http:\/\/www.networkadvertising.org\/choices\/<\/a>).<br \/>Potete opporvi in qualsiasi momento alla raccolta e alla memorizzazione dei dati con effetto per il futuro. Per ulteriori informazioni sui termini e le condizioni di Google, consultare il sito: <a href=\"http:\/\/www.google.com\/intl\/de\/policies\/privacy\/\">http:\/\/www.google.com\/intl\/de\/policies\/privacy\/.<\/a><\/p>\n<p><strong>AddThis<\/strong><br \/>Il sito web utilizza AddThis, un servizio fornito da AddThis, Inc. (&#8220;AddThis&#8221;). Questo servizio consente di condividere i contenuti del sito web su vari canali di social media.<br \/>AddThis installa i cookie sul sito web come fornitore di terze parti. Questi possono essere anche cookie di profilazione. Tuttavia, il sito web non condivide alcuna informazione sul comportamento di navigazione o sui dati dell&#8217;utente raccolti durante l&#8217;utilizzo delle funzioni di AddThis. Vengono trasmessi solo i dati collettivi.<br \/>Per saperne di pi\u00f9 sull&#8217;informativa sulla privacy di AddThis:: <a href=\"http:\/\/www.addthis.com\/privacy\/privacy-policy#publisher-visitors\">http:\/\/www.addthis.com\/privacy\/privacy-policy#publisher-visitors<\/a><br \/>Disattivare i cookie di AddThis qui: <a href=\"http:\/\/www.addthis.com\/privacy\/opt-out\">http:\/\/www.addthis.com\/privacy\/opt-out<\/a><\/p>\n<p><strong>Social Media: Facebook, Twitter, Google+<\/strong><br \/>Il sito web utilizza plugin di diversi fornitori di social media di terze parti, come Facebook, Twitter o Google+. Questi plugin consentono all&#8217;utente di interagire direttamente sui vari social network dal sito web.<br \/>Non appena un utente clicca su uno dei pulsanti dei social media mentre \u00e8 connesso con il proprio account, le informazioni sulla sua visita al sito web vengono inoltrate ai fornitori dei social media corrispondenti. Possono memorizzare le informazioni e collegarle al profilo dell&#8217;utente. Per evitare che ci\u00f2 accada, l&#8217;utente deve effettuare il logout prima di fare clic sul pulsante.<br \/>Le informazioni sull&#8217;uso e l&#8217;elaborazione dei dati sono reperibili nelle politiche sulla privacy dei rispettivi fornitori di social media:<br \/>Facebook: <a href=\"https:\/\/www.facebook.com\/policy.php\">https:\/\/www.facebook.com\/policy.php<\/a><br \/>Twitter: <a href=\"https:\/\/twitter.com\/privacy?lang=it\">https:\/\/twitter.com\/privacy?lang=it<\/a><br \/>Google+: <a href=\"http:\/\/www.google.com\/intl\/it\/policies\/privacy\/\">http:\/\/www.google.com\/intl\/it\/policies\/privacy\/<\/a><br \/>I plugin dei social media installano i cookie sul sito web. Questi cookie raccolgono, tra gli altri, i seguenti dati: Dati del browser, dati demografici, dati di interazione, siti web visitati, ora e data, indirizzo IP. Seguite questi link per scoprire come i vari provider di social media gestiscono i dati dei cookie:<br \/>Facebook: <a href=\"https:\/\/www.facebook.com\/help\/cookies\">https:\/\/www.facebook.com\/help\/cookies<\/a><br \/>Twitter: <a href=\"https:\/\/support.twitter.com\/articles\/20170520-so-verwendet-twitter-cookies-und-ahnliche-technologien\">https:\/\/support.twitter.com\/articles\/20170520-so-verwendet-twitter-cookies-und-ahnliche-technologien<\/a><br \/>Google+: <a href=\"https:\/\/www.google.com\/intl\/de\/policies\/technologies\/cookies\/\">https:\/\/www.google.com\/intl\/de\/policies\/technologies\/cookies\/<\/a><\/p>\n<p><strong>4. disattivazione dei cookie<\/strong><br \/>Tutti i cookie possono essere bloccati e disattivati utilizzando le impostazioni dei rispettivi browser.<br \/>\u00c8 possibile impostare il browser in modo che ogni volta venga visualizzato un messaggio prima del salvataggio di un cookie. In caso contrario, \u00e8 possibile impostare il browser in modo da rifiutare tutti i cookie o solo quelli di terze parti. \u00c8 inoltre possibile eliminare tutti i cookie gi\u00e0 salvati. Queste impostazioni devono essere effettuate separatamente su ciascun browser e su ciascun computer.<br \/>Se bloccate tutti i cookie, non possiamo pi\u00f9 garantire il corretto funzionamento del sito web. Alcune funzioni non possono pi\u00f9 essere offerte e alcuni siti web non possono pi\u00f9 essere visualizzati.<br \/>L&#8217;impostazione dei cookie \u00e8 diversa in ogni browser. Qui troverete le istruzioni per impostare i cookie nei principali browser:<br \/>Internet Explorer: <a href=\"https:\/\/support.microsoft.com\/en-us\/kb\/278835\/de\">https:\/\/support.microsoft.com\/en-us\/kb\/278835\/de<\/a><br \/>Internet Explorer (Versione mobile): <a href=\"http:\/\/www.windowsphone.com\/en-us\/how-to\/wp7\/web\/changing-privacy-and-other-browser-settings\">http:\/\/www.windowsphone.com\/en-us\/how-to\/wp7\/web\/changing-privacy-and-other-browser-settings<\/a><br \/>Chrome: <a href=\"https:\/\/support.google.com\/chrome\/answer\/95647?hl=de\">https:\/\/support.google.com\/chrome\/answer\/95647?hl=de<\/a><br \/>Safari: <a href=\"https:\/\/support.apple.com\/kb\/PH17191?viewlocale=de_DE&amp;locale=en_US\">https:\/\/support.apple.com\/kb\/PH17191?viewlocale=de_DE&amp;locale=en_US<\/a><br \/>Safari (Versione mobile): <a href=\"https:\/\/support.apple.com\/de-de\/HT201265\">https:\/\/support.apple.com\/de-de\/HT201265<\/a><br \/>Firefox: <a href=\"https:\/\/support.mozilla.org\/de\/kb\/cookies-erlauben-und-ablehnen\">https:\/\/support.mozilla.org\/de\/kb\/cookies-erlauben-und-ablehnen<\/a><br \/>Blackberry: <a href=\"http:\/\/docs.blackberry.com\/en\/smartphone_users\/deliverables\/32004\/Turn_off_cookies_in_the_browser_60_1072866_11.jsp\">http:\/\/docs.blackberry.com\/en\/smartphone_users\/deliverables\/32004\/Turn_off_cookies_in_the_browser_60_1072866_11.jsp<\/a><br \/>Android: <a href=\"http:\/\/www.cookie-chef.de\/aktivieren-zulassen-android---browser-0\/34.html\">http:\/\/www.cookie-chef.de\/aktivieren-zulassen-android&#8212;browser-0\/34.html<\/a><br \/>Opera: <a href=\"http:\/\/www.opera.com\/help\/tutorials\/security\/cookies\/\">http:\/\/www.opera.com\/help\/tutorials\/security\/cookies\/<\/a><\/p>\n<p>\u00a0<\/p>\n<p>[\/vc_column_text][\/vc_column][\/vc_row]<\/p>\n<\/div>","protected":false},"excerpt":{"rendered":"<p>[vc_row][vc_column][vc_column_text] Informativa sulla privacy Lettera informativa ai sensi del Decreto Legislativo 30 giugno 2003 &#8220;Codice in materia di protezione dei dati personali&#8221; \u00a0 Ai sensi dell&#8217;articolo 13 del decreto legislativo 30 giugno 2003, n. 196, INFORMIAMO che l&#8217;Associazione Professionale dei Coach d&#8217;Azienda e di Management tratta dati personali di clienti e fornitori e di soggetti [&hellip;]<\/p>\n","protected":false},"author":1,"featured_media":0,"parent":0,"menu_order":0,"comment_status":"closed","ping_status":"open","template":"","meta":{"footnotes":""},"class_list":["post-5074","page","type-page","status-publish"],"_links":{"self":[{"href":"https:\/\/www.coachingverband.it\/it\/wp-json\/wp\/v2\/pages\/5074","targetHints":{"allow":["GET"]}}],"collection":[{"href":"https:\/\/www.coachingverband.it\/it\/wp-json\/wp\/v2\/pages"}],"about":[{"href":"https:\/\/www.coachingverband.it\/it\/wp-json\/wp\/v2\/types\/page"}],"author":[{"embeddable":true,"href":"https:\/\/www.coachingverband.it\/it\/wp-json\/wp\/v2\/users\/1"}],"replies":[{"embeddable":true,"href":"https:\/\/www.coachingverband.it\/it\/wp-json\/wp\/v2\/comments?post=5074"}],"version-history":[{"count":12,"href":"https:\/\/www.coachingverband.it\/it\/wp-json\/wp\/v2\/pages\/5074\/revisions"}],"predecessor-version":[{"id":5188,"href":"https:\/\/www.coachingverband.it\/it\/wp-json\/wp\/v2\/pages\/5074\/revisions\/5188"}],"wp:attachment":[{"href":"https:\/\/www.coachingverband.it\/it\/wp-json\/wp\/v2\/media?parent=5074"}],"curies":[{"name":"wp","href":"https:\/\/api.w.org\/{rel}","templated":true}]}}