{"id":4924,"date":"2019-02-11T13:31:10","date_gmt":"2019-02-11T12:31:10","guid":{"rendered":"https:\/\/www.coachingverband.it\/faq\/"},"modified":"2023-11-06T11:22:53","modified_gmt":"2023-11-06T10:22:53","slug":"faq","status":"publish","type":"page","link":"https:\/\/www.coachingverband.it\/it\/faq\/","title":{"rendered":"FAQ"},"content":{"rendered":"<div class=\"wpb-content-wrapper\"><p>[vc_row][vc_column][vc_single_image image=&#8221;2884&#8243; img_size=&#8221;full&#8221;][vc_text_separator title=&#8221;Domande frequenti&#8221;][vc_tta_accordion style=&#8221;flat&#8221; spacing=&#8221;15&#8243; gap=&#8221;10&#8243; active_section=&#8221;1&#8243; no_fill=&#8221;true&#8221; css=&#8221;.vc_custom_1552664117197{padding-right: 100px !important;padding-left: 100px !important;}&#8221;][vc_tta_section hover_anim=&#8221;color&#8221; hover_anim_color=&#8221;&#8221; title=&#8221;CHE COS&#8217;\u00c8 IL COACHING?&#8221; tab_id=&#8221;1549888339588-5ac692a5-77fc&#8221;][vc_column_text]Il coaching \u00e8 un&#8217;utile forma di sostegno personale da parte di un coach per aiutarvi a pianificare il vostro futuro professionale e privato, a migliorare situazioni personali spiacevoli e a raggiungere obiettivi desiderabili.n.[\/vc_column_text][\/vc_tta_section][vc_tta_section title=&#8221;QUANDO IL COACHING HA SENSO?&#8221; tab_id=&#8221;1549888441497-a3c63f5f-ffee&#8221;][vc_column_text]Il business coaching aiuta le persone a gestire in maniera autonoma le proprie sfide professionali, a impiegare le risorse personali in maniera adeguata, a trovare soluzioni ed a rafforzare la consapevolezza di s\u00e9 e il senso di realizzazione. \u00c8 un accompagnamento individuale, legato alla persona, che si concentra sul potenziale e sulla capacit\u00e0 di autogestione dell&#8217;individuo.[\/vc_column_text][\/vc_tta_section][vc_tta_section title=&#8221;QUALI SONO I PROBLEMI TIPICI DEL COACHING?&#8221; tab_id=&#8221;1549888491566-bb186b3b-112f&#8221;][vc_column_text]Il coaching come strumento di sviluppo personale e delle risorse umane \u00e8 particolarmente indicato quando gli individui o i team devono essere capaci di affrontare sfide nell\u2019ambito della loro vita professionale Gli esempi possono essere<\/p>\n<ul>\n<li>&#8220;Mi succede sempre di nuovo che&#8230; \u2013 cosa posso fare per ottenere un risultato diverso in futuro?&#8221;.<\/li>\n<li>&#8220;Ho difficolt\u00e0 a bilanciare i miei ruoli privati e professionali. Come posso organizzare meglio il mio tempo?&#8221;.<\/li>\n<li>&#8220;Il mio collaboratore risponde sempre positivamente alle mie istruzioni, ma o non consegna affatto il risultato promesso o lo fa troppo tardi&#8221;.<\/li>\n<li>&#8220;Nelle riunioni perdo sempre perch\u00e9 ci metto troppo tempo a esprimere la mia opinione&#8221;.<\/li>\n<li>&#8220;Voglio cambiare professione, ma al momento non so esattamente dove andare&#8221;.<\/li>\n<li>&#8220;Mi sento piuttosto oppresso nella mia attuale posizione, come posso dare sollievo?&#8221;.<\/li>\n<\/ul>\n<p>[\/vc_column_text][\/vc_tta_section][vc_tta_section title=&#8221;COSA FA IL COACH PER AIUTARE IL SUO CLIENTE?&#8221; tab_id=&#8221;1549888522535-41857e3d-8113&#8243;][vc_column_text]Il coach aiuta innanzitutto il cliente a formulare un obiettivo desiderabile che sostituisca il risultato precedente (indesiderato).<\/p>\n<p>Una volta formulato l&#8217;obiettivo auspicabile, pu\u00f2 iniziare il coaching vero e proprio, cio\u00e8 la pianificazione di come raggiungere l&#8217;obiettivo. Si affrontano i possibili ostacoli e le difficolt\u00e0, si scoprono le opportunit\u00e0 e le opzioni, si tengono in considerazione e si integrano le possibili reazioni dell&#8217;ambiente, si prendono le precauzioni e si utilizzano le risorse. L&#8217;anticipazione mentale del comportamento modificato o da modificare si \u00e8 rivelata estremamente utile per percorrere il cammino verso la meta nella realt\u00e0. Al termine della sessione di coaching, si discutono le misure da adottare e si definiscono i tempi per valutare i risultati nella sessione successiva e quindi intraprendere una nuova parte del percorso.[\/vc_column_text][\/vc_tta_section][vc_tta_section title=&#8221;QUAL \u00c8 IL PREREQUISITO PER UN BUON COACHING?&#8221; tab_id=&#8221;1549888578095-9f36cd2e-c0f4&#8243;][vc_column_text]Il prerequisito per un buon coaching \u00e8 la compatibilit\u00e0 tra coach e cliente, nonch\u00e9 la ferma intenzione del cliente di realizzare un cambiamento personale e di lavorare alla realizzazione dei propri desideri.[\/vc_column_text][\/vc_tta_section][vc_tta_section title=&#8221;COME FACCIO A SCOPRIRE IL COACH PI\u00d9 ADATTO A ME?&#8221; tab_id=&#8221;1549888606887-13f11c56-b182&#8243;][vc_column_text]Utilizzate e confrontate i profili dei coach membri dell&#8217;Associazione Professionale dei Coach d&#8217;Affari e di Management e fissate un appuntamento non vincolante con il coach di vostra scelta. \u00c8 possibile contattare direttamente l&#8217;allenatore desiderato.<\/p>\n<p>I profili degli coach sono disponibili qui:<a href=\"https:\/\/www.coachingverband.it\/it\/coachfinder\/\"><\/a>[\/vc_column_text][\/vc_tta_section][vc_tta_section title=&#8221;A COSA NON SERVE IL COACHING?&#8221; tab_id=&#8221;1549888661143-0950b3c8-f976&#8243;][vc_column_text]Il coaching non \u00e8 adatto a cambiare le persone o a curare disturbi psicologici o fisici.[\/vc_column_text][\/vc_tta_section][vc_tta_section title=&#8221;QUANTO DURA IL COACHING?&#8221; tab_id=&#8221;1549888689630-c8ce4239-3016&#8243;][vc_column_text]Il business e management coaching si rivolge a liberi professionisti, lavoratori autonomi, manager e junior manager. Anche le persone che iniziano o tornano a lavorare e gli studenti possono beneficiare del coaching. Inoltre, tutti i dipendenti in situazioni professionalmente impegnative.[\/vc_column_text][\/vc_tta_section][vc_tta_section title=&#8221;IN CHE MODO IL COACHING \u00c8 DIVERSO DA ALTRE FORME DI ACCOMPAGNAMENTO PERSONALE?&#8221; tab_id=&#8221;1549888718303-7b525a12-877c&#8221;][vc_column_text]Una sessione di coaching dura solitamente da 1 a 3 ore. A seconda dell&#8217;argomento e degli obiettivi personali, sono necessarie una o pi\u00f9 sessioni per lavorare sull&#8217;argomento desiderato. In linea di massima, sono sufficienti da 4 a 6 incontri. \u00c8 possibile un accompagnamento pi\u00f9 lungo.[\/vc_column_text][\/vc_tta_section][vc_tta_section title=&#8221;In che modo il coaching si differenzia da altre forme di assistenza personale?&#8221; tab_id=&#8221;1549888761112-6227e6df-1cb6&#8243;][vc_column_text]La differenza principale tra il coaching e altre forme di supporto personale \u00e8 che si tratta di un approccio puramente orientato al futuro e alla soluzione. Il coaching non \u00e8 tanto la ricerca di cause quanto la ricerca di opportunit\u00e0 e possibilit\u00e0 che si trovano nel potenziale del cliente.[\/vc_column_text][\/vc_tta_section][\/vc_tta_accordion][\/vc_column][\/vc_row][vc_row][vc_column][\/vc_column][\/vc_row]<\/p>\n<\/div>","protected":false},"excerpt":{"rendered":"<p>[vc_row][vc_column][vc_single_image image=&#8221;2884&#8243; img_size=&#8221;full&#8221;][vc_text_separator title=&#8221;Domande frequenti&#8221;][vc_tta_accordion style=&#8221;flat&#8221; spacing=&#8221;15&#8243; gap=&#8221;10&#8243; active_section=&#8221;1&#8243; no_fill=&#8221;true&#8221; css=&#8221;.vc_custom_1552664117197{padding-right: 100px !important;padding-left: 100px !important;}&#8221;][vc_tta_section hover_anim=&#8221;color&#8221; hover_anim_color=&#8221;&#8221; title=&#8221;CHE COS&#8217;\u00c8 IL COACHING?&#8221; tab_id=&#8221;1549888339588-5ac692a5-77fc&#8221;][vc_column_text]Il coaching \u00e8 un&#8217;utile forma di sostegno personale da parte di un coach per aiutarvi a pianificare il vostro futuro professionale e privato, a migliorare situazioni personali spiacevoli e a raggiungere obiettivi desiderabili.n.[\/vc_column_text][\/vc_tta_section][vc_tta_section title=&#8221;QUANDO [&hellip;]<\/p>\n","protected":false},"author":1,"featured_media":0,"parent":0,"menu_order":0,"comment_status":"closed","ping_status":"closed","template":"","meta":{"footnotes":""},"class_list":["post-4924","page","type-page","status-publish"],"_links":{"self":[{"href":"https:\/\/www.coachingverband.it\/it\/wp-json\/wp\/v2\/pages\/4924","targetHints":{"allow":["GET"]}}],"collection":[{"href":"https:\/\/www.coachingverband.it\/it\/wp-json\/wp\/v2\/pages"}],"about":[{"href":"https:\/\/www.coachingverband.it\/it\/wp-json\/wp\/v2\/types\/page"}],"author":[{"embeddable":true,"href":"https:\/\/www.coachingverband.it\/it\/wp-json\/wp\/v2\/users\/1"}],"replies":[{"embeddable":true,"href":"https:\/\/www.coachingverband.it\/it\/wp-json\/wp\/v2\/comments?post=4924"}],"version-history":[{"count":7,"href":"https:\/\/www.coachingverband.it\/it\/wp-json\/wp\/v2\/pages\/4924\/revisions"}],"predecessor-version":[{"id":4931,"href":"https:\/\/www.coachingverband.it\/it\/wp-json\/wp\/v2\/pages\/4924\/revisions\/4931"}],"wp:attachment":[{"href":"https:\/\/www.coachingverband.it\/it\/wp-json\/wp\/v2\/media?parent=4924"}],"curies":[{"name":"wp","href":"https:\/\/api.w.org\/{rel}","templated":true}]}}