{"id":4685,"date":"2019-03-28T10:42:28","date_gmt":"2019-03-28T09:42:28","guid":{"rendered":"https:\/\/www.coachingverband.it\/mission-e-vision\/"},"modified":"2025-12-29T11:38:54","modified_gmt":"2025-12-29T10:38:54","slug":"mission-e-vision","status":"publish","type":"page","link":"https:\/\/www.coachingverband.it\/it\/mission-e-vision\/","title":{"rendered":"Mission e Vision"},"content":{"rendered":"<div class=\"wpb-content-wrapper\"><p>[vc_row][vc_column][vc_column_text]<\/p>\n<h1 style=\"text-align: center;\">Mission &amp; Vision<\/h1>\n<p>[\/vc_column_text][\/vc_column][\/vc_row][vc_row][vc_column][vc_single_image image=&#8221;330&#8243; img_size=&#8221;full&#8221;][\/vc_column][\/vc_row][vc_row][vc_column][vc_text_separator title=&#8221;Compiti&#8221;][\/vc_column][\/vc_row][vc_row][vc_column width=&#8221;1\/2&#8243;][vc_column_text css=&#8221;.vc_custom_1553766480098{padding-right: 80px !important;padding-left: 80px !important;}&#8221;]<\/p>\n<div class=\"H2titel\">\n<h3>Promozione e istituzione di un servizio professionale di coaching in ambito aziendale<\/h3>\n<\/div>\n<p>L&#8217;Associazione Business &amp; Managementcoaches promuove un coaching professionale rivolto ad aziende, associazioni, organizzazioni pubbliche e private. La presenza sui media e la cura della comunicazione, cos\u00ec come gli eventi e la formazione continua per soci (e non), fanno s\u00ec che il coaching sia sempre pi\u00f9 utilizzato come un&#8217;opportunit\u00e0 di sviluppo personale e professionale.[\/vc_column_text][\/vc_column][vc_column width=&#8221;1\/2&#8243;][vc_column_text css=&#8221;.vc_custom_1577479841550{padding-right: 80px !important;padding-left: 80px !important;}&#8221;]<\/p>\n<div class=\"H2titel\">\n<h3>Qualit\u00e0 e professionalizzazione<\/h3>\n<\/div>\n<p>L&#8217;associazione richiede ai suoi membri che si impegnino a rispettare le linee guida tracciate dal codice etico dell\u2019associazione.<br \/>\nIn pi\u00f9, l&#8217;associazione supporta un percorso di sviluppo professionale riconosciuto per business coach.<br \/>\nNon solo i membri dell\u2019associazione ma anche chi non ne fa parte possono beneficiare della piattaforma di coaching che offre occasioni di confronto ma anche di promozione reciproca.[\/vc_column_text][\/vc_column][\/vc_row][vc_row][vc_column][vc_separator][\/vc_column][\/vc_row][vc_row][vc_column width=&#8221;1\/2&#8243;][vc_column_text css=&#8221;.vc_custom_1577479810699{padding-right: 80px !important;padding-left: 80px !important;}&#8221;]<\/p>\n<div class=\"H2titel\">\n<h3>Ricerca e sviluppo<\/h3>\n<\/div>\n<p>L&#8217;associazione promuove lo sviluppo e la sperimentazione di strumenti e metodi pratici di coaching. Sostiene il confronto e la cooperazione con aziende, universit\u00e0 e scuole superiori, organizzazioni, associazioni e societ\u00e0 che rappresentano o promuovono le stesse o simili problematiche.<br \/>\nI membri sono incoraggiati a realizzare ricerche scientifiche, a insegnare nel campo del coaching e a partecipare ad eventi di aggiornamento. L&#8217;associazione stessa pu\u00f2 offrire formazioni e occasioni di aggiornamento ai membri e ai non membri dell\u2019associazione.[\/vc_column_text][\/vc_column][vc_column width=&#8221;1\/2&#8243;][vc_column_text css=&#8221;.vc_custom_1553766588487{padding-right: 80px !important;padding-left: 80px !important;}&#8221;]<\/p>\n<div class=\"H2titel\">\n<h3>Rappresentanza degli interessi dei soci<\/h3>\n<\/div>\n<p>L&#8217;associazione rappresenta i membri negli organi competenti, nei comitati, ecc.[\/vc_column_text][\/vc_column][\/vc_row]<\/p>\n<\/div>","protected":false},"excerpt":{"rendered":"<p>[vc_row][vc_column][vc_column_text] Mission &amp; Vision [\/vc_column_text][\/vc_column][\/vc_row][vc_row][vc_column][vc_single_image image=&#8221;330&#8243; img_size=&#8221;full&#8221;][\/vc_column][\/vc_row][vc_row][vc_column][vc_text_separator title=&#8221;Compiti&#8221;][\/vc_column][\/vc_row][vc_row][vc_column width=&#8221;1\/2&#8243;][vc_column_text css=&#8221;.vc_custom_1553766480098{padding-right: 80px !important;padding-left: 80px !important;}&#8221;] Promozione e istituzione di un servizio professionale di coaching in ambito aziendale L&#8217;Associazione Business &amp; Managementcoaches promuove un coaching professionale rivolto ad aziende, associazioni, organizzazioni pubbliche e private. La presenza sui media e la cura della comunicazione, cos\u00ec come gli eventi [&hellip;]<\/p>\n","protected":false},"author":1,"featured_media":0,"parent":0,"menu_order":0,"comment_status":"closed","ping_status":"closed","template":"","meta":{"footnotes":""},"class_list":["post-4685","page","type-page","status-publish"],"_links":{"self":[{"href":"https:\/\/www.coachingverband.it\/it\/wp-json\/wp\/v2\/pages\/4685","targetHints":{"allow":["GET"]}}],"collection":[{"href":"https:\/\/www.coachingverband.it\/it\/wp-json\/wp\/v2\/pages"}],"about":[{"href":"https:\/\/www.coachingverband.it\/it\/wp-json\/wp\/v2\/types\/page"}],"author":[{"embeddable":true,"href":"https:\/\/www.coachingverband.it\/it\/wp-json\/wp\/v2\/users\/1"}],"replies":[{"embeddable":true,"href":"https:\/\/www.coachingverband.it\/it\/wp-json\/wp\/v2\/comments?post=4685"}],"version-history":[{"count":4,"href":"https:\/\/www.coachingverband.it\/it\/wp-json\/wp\/v2\/pages\/4685\/revisions"}],"predecessor-version":[{"id":5541,"href":"https:\/\/www.coachingverband.it\/it\/wp-json\/wp\/v2\/pages\/4685\/revisions\/5541"}],"wp:attachment":[{"href":"https:\/\/www.coachingverband.it\/it\/wp-json\/wp\/v2\/media?parent=4685"}],"curies":[{"name":"wp","href":"https:\/\/api.w.org\/{rel}","templated":true}]}}