{"id":4658,"date":"2019-02-11T15:38:56","date_gmt":"2019-02-11T14:38:56","guid":{"rendered":"https:\/\/www.coachingverband.it\/business-coaching\/"},"modified":"2024-02-08T15:44:07","modified_gmt":"2024-02-08T14:44:07","slug":"business-coaching","status":"publish","type":"page","link":"https:\/\/www.coachingverband.it\/it\/business-coaching\/","title":{"rendered":"Business Coaching"},"content":{"rendered":"<div class=\"wpb-content-wrapper\"><p>[vc_row][vc_column][vc_column_text]<\/p>\n<h1 style=\"text-align: center;\">Che cos&#8217;\u00e8 il coaching?<\/h1>\n<p>[\/vc_column_text][vc_single_image image=&#8221;2899&#8243; img_size=&#8221;full&#8221;][vc_text_separator title=&#8221;Un modo per imparare e crescere&#8221;][\/vc_column][\/vc_row][vc_row][vc_column width=&#8221;1\/2&#8243;][vc_column_text]Sia negli affari che nella vita privata, il coaching \u00e8 un modo per imparare e progredire, sviluppare risorse, riconoscere e raggiungere obiettivi o cambiamenti desiderati.<\/p>\n<p>Le discussioni si concentrano spesso sull&#8217;ampliamento delle competenze, sul miglioramento delle prestazioni, sul desiderio di realizzazione professionale o sulla creazione di relazioni personali.<\/p>\n<p>Tra le altre cose, il coaching aiuta a risolvere situazioni di stallo e a superare problemi complessi.<br \/>\nUn obiettivo importante \u00e8 lo sviluppo di nuove alternative di azione e di performance.[\/vc_column_text][\/vc_column][vc_column width=&#8221;1\/2&#8243;][vc_column_text]Il coach affronta le esigenze e le problematiche del cliente (coachee) individualmente, nel corso di incontri personali, e lo aiuta a riflettere sulle possibilit\u00e0 di raggiungere gli obiettivi desiderati e a sviluppare soluzioni personalizzate per se stesso.<\/p>\n<p>Si tratta di un sostegno personalizzato e individuale che si concentra sulle capacit\u00e0 di autogestione e, soprattutto, sulla diversit\u00e0 delle risorse umane.<\/p>\n<p>Il supporto al processo orientato allo sviluppo, paritario e basato sulla partnership fornito dal coach \u00e8 limitato nel tempo.[\/vc_column_text][\/vc_column][\/vc_row][vc_row][vc_column][vc_text_separator title=&#8221;Condizioni generali&#8221;][vc_tta_accordion style=&#8221;flat&#8221; gap=&#8221;10&#8243; active_section=&#8221;1&#8243; no_fill=&#8221;true&#8221; css=&#8221;.vc_custom_1552664173816{padding-top: 0px !important;padding-right: 0px !important;padding-bottom: 0px !important;padding-left: 0px !important;}&#8221;][vc_tta_section title=&#8221;Chi sono i principali destinatari del Business Coaching?&#8221; tab_id=&#8221;1552645758534-e5e15b4f-57c2&#8243;][vc_column_text css=&#8221;.vc_custom_1707402813894{padding-right: 0px !important;padding-left: 0px !important;}&#8221;]<\/p>\n<h4 style=\"text-align: left;\"><strong>Chi ricorre al coaching aziendale e manageriale?<\/strong><\/h4>\n<p style=\"text-align: left;\"><strong>Persone singole<br \/>\n<\/strong><\/p>\n<p>Il coaching \u00e8 una forma di supporto che aiuta le persone a trovare i propri modi e le proprie soluzioni per soddisfare le esigenze professionali e personali. A questo proposito, sono soprattutto gli high performer e le persone con responsabilit\u00e0 nel mondo degli affari, della politica e della pubblica amministrazione a ricorrere al coaching. Si aspettano che il coach li sostenga nell&#8217;espansione delle loro capacit\u00e0 di leadership, organizzazione e auto-organizzazione, al fine di padroneggiare le richieste poste loro in modo pi\u00f9 efficiente ed efficace.<\/p>\n<p>Le insoddisfazioni esistenti sono un buon motivo per consultare un coach. Sono un&#8217;indicazione dei cambiamenti necessari per raggiungere una maggiore soddisfazione e realizzazione professionale.<\/p>\n<p style=\"text-align: left;\"><strong>Aziende<\/strong><\/p>\n<p>Le aziende, le organizzazioni private e pubbliche utilizzano il coaching come strumento di sviluppo del personale. L&#8217;obiettivo \u00e8 quello di sostenere individualmente manager e dipendenti e aiutarli a migliorare le loro prestazioni e la loro capacit\u00e0 di agire, nonch\u00e9 le loro competenze di ruolo e sociali. Nella maggior parte dei casi, si tratta di un gradito incoraggiamento a migliorare le capacit\u00e0 di leadership e di gestione, talvolta anche le prestazioni di progetti e gruppi di lavoro.<\/p>\n<p>Il prerequisito per un buon coaching \u00e8 il desiderio espresso dal cliente di affrontare nuove sfide e apportare cambiamenti. Il coaching si basa sempre &#8211; e questo \u00e8 un aspetto importante della progettazione dell&#8217;incarico &#8211; su una base volontaria e sul desiderio del cliente di raggiungere un obiettivo che ha formulato.<\/p>\n<p>&nbsp;[\/vc_column_text][\/vc_tta_section][vc_tta_section title=&#8221;Quali sono i vantaggi del Business Coaching?&#8221; tab_id=&#8221;1552645758536-934f207d-516d&#8221;][vc_column_text]<\/p>\n<h4><strong>Quali sono i vantaggi del coaching aziendale e manageriale?<\/strong><\/h4>\n<p><strong>I vantaggi per le organizzazioni<\/strong><\/p>\n<p>Le organizzazioni traggono vantaggio quando i dipendenti contribuiscono con il loro potenziale, cercano soluzioni in modo indipendente, sono pi\u00f9 motivati, pi\u00f9 disposti ad agire e pi\u00f9 creativi nel loro lavoro, rafforzano la loro autogestione a vantaggio dell&#8217;organizzazione, sono pi\u00f9 capaci di gestire i gruppi e i conflitti e, nel migliore dei casi, diventano la forza trainante di altri dipendenti.<\/p>\n<p><strong>I vantaggi per le persone che ricorrono al coaching possono essere riassunti in questo modo:<\/strong><\/p>\n<ul>\n<li>Sviluppare il proprio potenziale<\/li>\n<li>Rafforzamento delle competenze professionali<\/li>\n<li>Maggiore disponibilit\u00e0 al cambiamento<\/li>\n<li>Miglioramento della capacit\u00e0 decisionale<\/li>\n<li>Cooperazione pi\u00f9 efficace<\/li>\n<li>Ampliamento del repertorio comportamentale<\/li>\n<li>Maggiore disponibilit\u00e0 alla prestazione<\/li>\n<li>Raggiungimento pi\u00f9 efficace degli obiettivi<\/li>\n<li>Aumento della motivazione e dell&#8217;iniziativa<\/li>\n<li>Aumento della soddisfazione personale<\/li>\n<li>Acquisizione di nuovi modi di pensare e di comportarsi<\/li>\n<li>I punti di forza vengono rafforzati &#8211; i punti di debolezza vengono indeboliti<\/li>\n<li>I problemi e le cause vengono riconosciuti pi\u00f9 rapidamente<\/li>\n<\/ul>\n<p>[\/vc_column_text][\/vc_tta_section][vc_tta_section title=&#8221;In quali situazioni \u00e8 utile consultare un Business Coach?&#8221; tab_id=&#8221;1552646123351-9f8a89c7-e184&#8243;][vc_column_text]<\/p>\n<h4><strong>In quali situazioni \u00e8 utile consultare un Business Coach?<\/strong><\/h4>\n<p>Il business coaching come strumento di sviluppo personale e delle risorse umane \u00e8 particolarmente indicato quando gli individui o i team devono essere capaci di affrontare sfide nell\u2019ambito della loro vita professionale.<\/p>\n<p>I casi pi\u00f9 comuni sono:<\/p>\n<p><strong>Cambiamenti strutturali<\/strong><\/p>\n<ul>\n<li>Gestione del cambiamento in azienda<\/li>\n<li>Sviluppo di compiti, obiettivi e strategie<\/li>\n<\/ul>\n<p><strong>Riorientamento durante\u2026<\/strong><\/p>\n<ul>\n<li>Fusioni<\/li>\n<li>Espansioni<\/li>\n<li>Fondazione di aziende o di nuove societ\u00e0<\/li>\n<li>Successione aziendale<\/li>\n<\/ul>\n<p><strong>Gestione delle relazioni<\/strong><\/p>\n<ul>\n<li>Approfondire l\u2019analisi e gli strumenti concettuali applicati<\/li>\n<li>Riprogettare le relazioni con le persone<\/li>\n<li>Riflettere sull&#8217;autostima e sulla motivazione personale<\/li>\n<li>Gestire e superare momenti di crisi e conflitti<\/li>\n<\/ul>\n<p><strong>Personalit\u00e0<\/strong><\/p>\n<ul>\n<li>Lavorare sulla vision<\/li>\n<li>Gestire le risorse<\/li>\n<li>Sviluppare il potenziale<\/li>\n<li>Accrescere la personalit\u00e0<\/li>\n<li>Sviluppare le conoscenze<\/li>\n<li>????<\/li>\n<\/ul>\n<p>[\/vc_column_text][\/vc_tta_section][vc_tta_section title=&#8221;Come funziona un processo di coaching?&#8221; tab_id=&#8221;1552646184345-aed1e3cd-89b8&#8243;][vc_column_text]<\/p>\n<h4><\/h4>\n<h4><strong>Come funziona un processo di coaching?<\/strong><\/h4>\n<p>Il processo di coaching dipende fortemente dalla relazione tra coach e cliente e quindi varia da persona a persona. Tuttavia, \u00e8 possibile identificare alcune fasi successive che caratterizzano un processo di coaching di successo.<\/p>\n<p><strong>1. conoscersi e costruire la fiducia reciproca<\/strong><\/p>\n<p>La fiducia reciproca \u00e8 un prerequisito fondamentale per il coaching. In questa prima fase di contatto, si stabilisce un rapporto di fiducia caratterizzato da accettazione e simpatia reciproca. Durante la prima conversazione, si discute della disponibilit\u00e0 ad avere pi\u00f9 colloqui, dell&#8217;impegno del cliente a lavorare da solo sul problema e, non da ultimo, della possibilit\u00e0 di andarsene. In questa fase iniziale, il coach cerca di capire se il cliente \u00e8 in grado di raggiungere le sue idee e i suoi obiettivi con l&#8217;aiuto del suo potenziale.<\/p>\n<p><strong>2. accordo di coaching<br \/>\n<\/strong><\/p>\n<p>Se il cliente vuole iniziare il coaching, viene stipulato un contratto di coaching dettagliato e scritto. Questo contiene importanti condizioni quadro, desideri e aspettative reciproche e questioni organizzative.<\/p>\n<p><strong>3. fase di lavoro<\/strong><\/p>\n<p>La fase di lavoro a pi\u00f9 fasi inizia con un&#8217;analisi precisa della situazione attuale del cliente, con l&#8217;obiettivo di comprendere e valutare la situazione attuale. Tutti gli ambiti della vita sono inclusi nell&#8217;analisi. Si stabilisce un rapporto a vari livelli e il cliente viene ascoltato in modo molto attento e attivo. Il cliente \u00e8 al centro dell&#8217;attenzione. La diagnosi pu\u00f2 anche includere un brainstorming creativo, come la domanda: &#8220;Cosa succederebbe se questa notte avvenisse un miracolo?&#8221;. Queste domande sorprendono il cliente e la loro risposta spontanea \u00e8 spesso parte della soluzione.<\/p>\n<p>A seconda del problema e della situazione di destinazione, le fasi di lavoro successive per la risoluzione del problema e la progettazione possono essere suddivise in diverse discussioni, in cui la discussione \u00e8 sempre collegata a ci\u00f2 che \u00e8 gi\u00e0 stato discusso e sono incluse le questioni attuali. La struttura seguente caratterizza ogni singola discussione:<\/p>\n<p><em>a) Sviluppare e formulare obiettivi chiari<\/em><\/p>\n<p>Sebbene le persone siano solitamente in grado di descrivere ci\u00f2 che non vogliono, hanno difficolt\u00e0 a essere specifiche su ci\u00f2 che vogliono veramente. Formulare obiettivi chiari, positivi e pertinenti \u00e8 una parte essenziale di qualsiasi programma di coaching.<\/p>\n<p><em>b) Interventi e misure<\/em><\/p>\n<p>In questa fase \u00e8 particolarmente importante elaborare il maggior numero possibile di alternative e sviluppare nuove opzioni di azione. Vengono utilizzati vari metodi per identificare idee o alternative latenti al tema. Si preparano i primi passi verso l&#8217;attuazione. Il lavoro di cambiamento vero e proprio \u00e8 ora in pieno svolgimento.<\/p>\n<p><em>c) Sviluppo di un piano d&#8217;azione concreto<\/em><\/p>\n<p>Insieme al coach, il cliente sviluppa un piano dettagliato che descrive le risorse e i processi necessari per l&#8217;attuazione e stabilisce un calendario specifico. I punti pi\u00f9 importanti vengono ricontrollati per garantire che il cliente sia davvero soddisfatto del risultato.<\/p>\n<p><em>d) motivazione fino al raggiungimento dell&#8217;obiettivo<\/em><\/p>\n<p>La discussione si conclude con uno sguardo indietro al percorso di cambiamento che abbiamo percorso insieme e all&#8217;atmosfera della discussione, ma anche in avanti per consolidare e rafforzare le nuove competenze, abilit\u00e0 e modelli. Rimane fondamentale un alto livello di motivazione per l&#8217;attuazione concreta di quanto appreso; le buone intenzioni e le idee non devono perdersi nell&#8217;attivit\u00e0 quotidiana.<\/p>\n<p><strong>4. fase di finalizzazione e valutazione<\/strong><\/p>\n<p>Il processo di coaching \u00e8 completato con successo quando, dopo un numero limitato di incontri, gli obiettivi concordati sono stati raggiunti e il cliente \u00e8 in grado di implementare e mantenere ci\u00f2 che ha ottenuto nella sua vita quotidiana. La soluzione di un problema, d&#8217;altra parte, si riconosce meglio dalla sua scomparsa.<br \/>\nInfine, si riconosce ci\u00f2 che \u00e8 stato raggiunto e l&#8217;intero processo viene brevemente rivisto e valutato a posteriori.[\/vc_column_text][\/vc_tta_section][vc_tta_section title=&#8221;Quali sono i tipi di coaching?&#8221; tab_id=&#8221;1552646748034-6dd4f18c-c50e&#8221;][vc_column_text]<\/p>\n<h4><\/h4>\n<h4><strong>Quali sono i tipi di coaching?<\/strong><\/h4>\n<p>Esistono coaching individuali e di gruppo, a seconda che il coaching sia rivolto a una o pi\u00f9 persone.<\/p>\n<p><strong>Coaching individuale<br \/>\n<\/strong><\/p>\n<p>Nel coaching individuale, le preoccupazioni del cliente possono essere affrontate in modo molto personalizzato e specifico. Come forma di lavoro, offre l&#8217;opportunit\u00e0 di cambiare e sviluppare il comportamento e gli atteggiamenti delle persone a lungo termine. Il lavoro personalizzato, intensivo e confidenziale consente di ottenere risultati rapidi e a breve termine.<\/p>\n<p>Manager, dirigenti e sempre pi\u00f9 spesso anche liberi professionisti ricorrono al coaching individuale per aumentare in modo duraturo la propria reattivit\u00e0, efficienza ed efficacia o per acquisire modelli comportamentali che consentano loro di evitare lo stress e di mantenere la compostezza e la visione d&#8217;insieme in situazioni difficili.<\/p>\n<p>La parit\u00e0 di status tra coach e cliente (coachee) \u00e8 di fondamentale importanza; un gap relazionale renderebbe il coaching pi\u00f9 difficile. Mentre un tempo il top management era considerato quasi esclusivamente il gruppo target del coaching individuale, oggi il coaching viene sempre pi\u00f9 spesso offerto e richiesto per il middle e lower management e per i dipendenti in posizioni di responsabilit\u00e0.<\/p>\n<p><strong>Coaching di gruppo<br \/>\n<\/strong><\/p>\n<p>Il coaching di gruppo pu\u00f2 essere utilizzato per riassumere tutti i tipi di coaching in cui pi\u00f9 persone vengono seguite contemporaneamente. In particolare, per il lavoro con i team e i progetti si sono affermati termini come team coaching, project coaching ecc.<\/p>\n<p>Un gruppo di coaching supervisionato da un coach non dovrebbe essere composto da pi\u00f9 di 10 persone; in caso contrario, dovrebbe essere coinvolto un altro coach.<\/p>\n<p>Il coaching di gruppo offre vantaggi come strumento di sviluppo del personale, soprattutto se l&#8217;atmosfera di lavoro \u00e8 tale che i membri del gruppo hanno difficolt\u00e0 a contribuire con le loro diverse conoscenze ed esperienze.<\/p>\n<p><strong>Differenze di contenuto<\/strong><\/p>\n<p>Rispetto al coaching individuale, il contesto del coaching di gruppo consente di lavorare meno su questioni confidenziali e personali. Poich\u00e9 l&#8217;intensit\u00e0 della relazione con i singoli membri del gruppo \u00e8 minore, a volte si utilizzano interventi diversi rispetto al coaching individuale.[\/vc_column_text][\/vc_tta_section][vc_tta_section title=&#8221;Quale servizio fornisce un business coach?&#8221; tab_id=&#8221;1552646798873-968573b3-fc40&#8243;][vc_column_text]<\/p>\n<h4>Quali servizi offre un business e management coach?<\/h4>\n<p>Un business e management coach fornisce il servizio che \u00e8 stato concordato contrattualmente con il cliente e il committente. I coach della Professional Association of Business and Management Coaches lavorano sulla base di un accordo scritto.<\/p>\n<p><strong>Si noti che:<\/strong><\/p>\n<p>l&#8217;obiettivo da raggiungere<br \/>\nil numero, la durata e la tempistica degli incontri concordati<br \/>\nla sede degli incontri<br \/>\nil compenso<br \/>\neventuali clausole di annullamento da parte del coach, del cliente e degli eventuali clienti<br \/>\neventuali servizi aggiuntivi<\/p>\n<p><strong>Quali standard di qualit\u00e0 si applicano ai coach dell&#8217;associazione professionale?<\/strong><\/p>\n<p>I coach della Professional Association of Business and Management Coaches offrono i seguenti standard di qualit\u00e0:<\/p>\n<p>formazione qualificata e riconosciuta<br \/>\ngestione professionale del processo di coaching<br \/>\nprogettazione di un contratto chiaro<br \/>\nrispetto degli accordi presi<br \/>\nRispetto delle linee guida etiche<br \/>\nRispetto del dovere di riservatezza*<br \/>\n*Se il coach \u00e8 incaricato da una terza parte in un accordo triangolare, il dovere di riservatezza si applica anche al cliente per proteggerlo.<\/p>\n<p><strong>Cosa pu\u00f2 aspettarsi il coachee (cliente) dal suo coach durante gli incontri?<\/strong><\/p>\n<p>a) Responsabilit\u00e0 del processo<\/p>\n<p>Il coach \u00e8 responsabile dell&#8217;intero processo di coaching. Mantiene una visione d&#8217;insieme e si assicura che il cliente tenga conto degli aspetti del suo ambiente, ad esempio l&#8217;organizzazione, il reparto o il team, nel percorso verso il raggiungimento dei suoi obiettivi.<\/p>\n<p>b) Supporto attraverso la competenza professionale, sociale e metodologica<\/p>\n<p>Applicando speciali tecniche di interrogazione e metodi di intervento, il coach sostiene il suo cliente nell&#8217;anticipare mentalmente ed emotivamente il percorso verso l&#8217;obiettivo.<\/p>\n<p>I requisiti professionali di un coach aziendale e manageriale comprendono anche l&#8217;esperienza e le conoscenze di base del settore aziendale e manageriale.<\/p>\n<p>Le competenze sociali di un coach includono la capacit\u00e0 di<\/p>\n<p>facilitare e sostenere una relazione basata sulla partnership e sulla fiducia tra s\u00e9 e il proprio cliente<br \/>\nascoltare attentamente il cliente e aiutarlo a esplorare le sue opportunit\u00e0 e possibilit\u00e0<br \/>\npromuove la fiducia in se stesso e quindi l&#8217;autostima e la sicurezza del cliente<br \/>\nnon interrompe il percorso verso il raggiungimento dell&#8217;obiettivo con le proprie opinioni n\u00e9 spinge il cliente in una determinata direzione<br \/>\npromuove la responsabilit\u00e0 personale del cliente<br \/>\nIn nessun caso il coach toglie al cliente la decisione o le decisioni o gli indica la strada &#8220;giusta&#8221;.<\/p>\n<p><strong>Quanto costa una sessione di coaching?<\/strong><\/p>\n<p>I membri dell&#8217;associazione professionale sono liberi di decidere le tariffe da applicare in base alle loro qualifiche e alle qualifiche aggiuntive. A titolo indicativo, gli onorari partono da 100,00 euro all&#8217;ora, con costi aggiuntivi addebitati separatamente.<\/p>\n<p><strong>Quanti incontri sono necessari?<\/strong><\/p>\n<p>Il numero di incontri dipende dalla complessit\u00e0 della questione. Un solo incontro pu\u00f2 essere sufficiente se l&#8217;argomento \u00e8 semplice; di norma, si ipotizzano da 4 a 6 incontri.[\/vc_column_text][\/vc_tta_section][\/vc_tta_accordion][\/vc_column][\/vc_row][vc_row][vc_column][\/vc_column][\/vc_row]<\/p>\n<\/div>","protected":false},"excerpt":{"rendered":"<p>[vc_row][vc_column][vc_column_text] Che cos&#8217;\u00e8 il coaching? [\/vc_column_text][vc_single_image image=&#8221;2899&#8243; img_size=&#8221;full&#8221;][vc_text_separator title=&#8221;Un modo per imparare e crescere&#8221;][\/vc_column][\/vc_row][vc_row][vc_column width=&#8221;1\/2&#8243;][vc_column_text]Sia negli affari che nella vita privata, il coaching \u00e8 un modo per imparare e progredire, sviluppare risorse, riconoscere e raggiungere obiettivi o cambiamenti desiderati. Le discussioni si concentrano spesso sull&#8217;ampliamento delle competenze, sul miglioramento delle prestazioni, sul desiderio di realizzazione [&hellip;]<\/p>\n","protected":false},"author":1,"featured_media":0,"parent":0,"menu_order":0,"comment_status":"closed","ping_status":"closed","template":"","meta":{"footnotes":""},"class_list":["post-4658","page","type-page","status-publish"],"_links":{"self":[{"href":"https:\/\/www.coachingverband.it\/it\/wp-json\/wp\/v2\/pages\/4658","targetHints":{"allow":["GET"]}}],"collection":[{"href":"https:\/\/www.coachingverband.it\/it\/wp-json\/wp\/v2\/pages"}],"about":[{"href":"https:\/\/www.coachingverband.it\/it\/wp-json\/wp\/v2\/types\/page"}],"author":[{"embeddable":true,"href":"https:\/\/www.coachingverband.it\/it\/wp-json\/wp\/v2\/users\/1"}],"replies":[{"embeddable":true,"href":"https:\/\/www.coachingverband.it\/it\/wp-json\/wp\/v2\/comments?post=4658"}],"version-history":[{"count":35,"href":"https:\/\/www.coachingverband.it\/it\/wp-json\/wp\/v2\/pages\/4658\/revisions"}],"predecessor-version":[{"id":5066,"href":"https:\/\/www.coachingverband.it\/it\/wp-json\/wp\/v2\/pages\/4658\/revisions\/5066"}],"wp:attachment":[{"href":"https:\/\/www.coachingverband.it\/it\/wp-json\/wp\/v2\/media?parent=4658"}],"curies":[{"name":"wp","href":"https:\/\/api.w.org\/{rel}","templated":true}]}}